{"id":41411,"date":"2019-11-07T16:56:16","date_gmt":"2019-11-07T15:56:16","guid":{"rendered":"https:\/\/lowpressurefitness.com\/product\/formacion-lpf-mx\/"},"modified":"2026-04-18T09:44:02","modified_gmt":"2026-04-18T07:44:02","slug":"formacion-lpf-mx","status":"publish","type":"product","link":"https:\/\/mx.lowpressurefitness.com\/en\/producto\/formacion-lpf-mx\/","title":{"rendered":"Formaci\u00f3n LPF MX + CT"},"content":{"rendered":"<p>Formaci\u00f3n LPF presencial. M\u00f3dulos 1+2+3 + Certificaci\u00f3n:<br \/>\n\u2022M\u00f3dulo 1. Serie Est\u00e1tica. 15 horas<br \/>\n\u2022M\u00f3dulo 2. Serie Din\u00e1mica. 15 horas<br \/>\n\u2022M\u00f3dulo 3. Serie Neurodin\u00e1mica. 15 horas<br \/>\n\u2022Certificaci\u00f3n: solicita tu cup\u00f3n para tu matr\u00edcula en el examen de certificaci\u00f3n una vez completes los 3 m\u00f3dulos, en administracion@lowpressurefitness.com. Revisa los plazos y condiciones en t\u00e9rminos y condiciones (apartado 2.1.1)<\/p>\n","protected":false},"excerpt":{"rendered":"<p>Formaci\u00f3n LPF presencial. M\u00f3dulos 1+2+3 + Certificaci\u00f3n:<br \/>\n\u2022M\u00f3dulo 1. Serie Est\u00e1tica. 15 horas<br \/>\n\u2022M\u00f3dulo 2. Serie Din\u00e1mica. 15 horas<br \/>\n\u2022M\u00f3dulo 3. Serie Neurodin\u00e1mica. 15 horas<br \/>\n\u2022Certificaci\u00f3n: solicita tu cup\u00f3n para tu matr\u00edcula en el examen de certificaci\u00f3n una vez completes los 3 m\u00f3dulos, en administracion@lowpressurefitness.com. Revisa los plazos y condiciones en t\u00e9rminos y condiciones (apartado 2.1.1)<\/p>\n","protected":false},"featured_media":2043,"template":"","meta":[],"_links":{"self":[{"href":"https:\/\/mx.lowpressurefitness.com\/en\/wp-json\/wp\/v2\/product\/41411\/"}],"collection":[{"href":"https:\/\/mx.lowpressurefitness.com\/en\/wp-json\/wp\/v2\/product\/"}],"about":[{"href":"https:\/\/mx.lowpressurefitness.com\/en\/wp-json\/wp\/v2\/types\/product\/"}],"wp:featuredmedia":[{"embeddable":true,"href":"https:\/\/mx.lowpressurefitness.com\/en\/wp-json\/wp\/v2\/media\/2043\/"}],"wp:attachment":[{"href":"https:\/\/mx.lowpressurefitness.com\/en\/wp-json\/wp\/v2\/media\/?parent=41411"}],"curies":[{"name":"wp","href":"https:\/\/api.w.org\/{rel}","templated":true}]}}