{"id":49751,"date":"2020-04-29T07:11:36","date_gmt":"2020-04-29T05:11:36","guid":{"rendered":"https:\/\/localhost\/product\/modulo-1-lpf-en-directo-2\/"},"modified":"2026-04-18T09:42:52","modified_gmt":"2026-04-18T07:42:52","slug":"modulo-1-lpf-en-directo-2","status":"publish","type":"product","link":"https:\/\/mx.lowpressurefitness.com\/en\/producto\/modulo-1-lpf-en-directo-2\/","title":{"rendered":"M\u00f3dulo 1 LPF EN DIRECTO"},"content":{"rendered":"<p>\u2605Objetivos:<br \/>\n-Conocer la anatomia y fisiopatolog\u00eda abdomino-pelviana<br \/>\n-Aprender a realizar valoraciones funcionales: pruebas est\u00e1ticas abdomino-pelvianas<br \/>\n-Desarrollar pautas de prevenci\u00f3n y salud mediante los ejercicios LPF<br \/>\n-Desarrollar sesiones de entrenamiento LPF  de nivel b\u00e1sico<\/p>\n","protected":false},"excerpt":{"rendered":"<p>M\u00f3dulo 1.Serie Est\u00e1tica<\/p>\n<p>En directo  a trav\u00e9s de la plataforma Zoom.<\/p>\n<p>Si ya eres LPF Trainer solicita tu cup\u00f3n descuento en lpfinfo@lowpressurefitness.com.mx<\/p>\n<p>La inscripci\u00f3n se cerrar\u00e1 el d\u00eda anterior al inicio de la formaci\u00f3n a las 20:00h (CDMx)<\/p>\n","protected":false},"featured_media":2031,"template":"","meta":[],"_links":{"self":[{"href":"https:\/\/mx.lowpressurefitness.com\/en\/wp-json\/wp\/v2\/product\/49751\/"}],"collection":[{"href":"https:\/\/mx.lowpressurefitness.com\/en\/wp-json\/wp\/v2\/product\/"}],"about":[{"href":"https:\/\/mx.lowpressurefitness.com\/en\/wp-json\/wp\/v2\/types\/product\/"}],"wp:featuredmedia":[{"embeddable":true,"href":"https:\/\/mx.lowpressurefitness.com\/en\/wp-json\/wp\/v2\/media\/2031\/"}],"wp:attachment":[{"href":"https:\/\/mx.lowpressurefitness.com\/en\/wp-json\/wp\/v2\/media\/?parent=49751"}],"curies":[{"name":"wp","href":"https:\/\/api.w.org\/{rel}","templated":true}]}}