{"id":79301,"date":"2023-01-27T11:04:35","date_gmt":"2023-01-27T10:04:35","guid":{"rendered":"https:\/\/localhost\/producto\/workshop-lpf-y-embarazo-mx\/"},"modified":"2026-04-18T09:42:24","modified_gmt":"2026-04-18T07:42:24","slug":"workshop-lpf-y-embarazo-mx","status":"publish","type":"product","link":"https:\/\/mx.lowpressurefitness.com\/en\/producto\/workshop-lpf-y-embarazo-mx\/","title":{"rendered":"Workshop LPF y embarazo MX"},"content":{"rendered":"<p>Sesi\u00f3n te\u00f3rico-pr\u00e1ctica de 3 horas de duraci\u00f3n donde podr\u00e1s conocer y practicar hipopresivos Low Pressure Fitness. Edici\u00f3n especial de aplicaci\u00f3n para mujeres en proceso de gestaci\u00f3n.<br \/>\nEn el desplegable de convocatorias podr\u00e1n ver las fechas disponibles para los Workshop de Embarazo. Son tem\u00e1ticos y se profundiza en esta tem\u00e1tica y sus caracter\u00edsticas diferenciadas.<\/p>\n","protected":false},"excerpt":{"rendered":"<p>WORKSHOPS TE\u00d3RICO PR\u00c1CTICOS,  EDICI\u00d3N ESPECIAL SOBRE LPF Y POSTPARTO. M\u00c1S QUE HIPOPRESIVOS, LOW PRESSURE FITNESS.<br \/>\n\u2022\u00bfQu\u00e9 es LPF?<br \/>\nLow Pressure Fitness es un innovador sistema de entrenamiento que consiste en ejercicios posturales y respiratorios. Est\u00e1 basado en la t\u00e9cnica hipopresiva, depresiva, el stretching miofascial, la neurodinamia, la escuela de espalda y la reeducaci\u00f3n respiratoria junto con la metodolog\u00eda y did\u00e1ctica m\u00e1s avanzada en ciencias del ejercicio f\u00edsico, la neuroeducaci\u00f3n.<\/p>\n<p>\u2022 Beneficios de LPF en embarazo:<br \/>\nEntre sus objetivos y principales beneficios se encuentra el mantenimiento postural, el entrenamiento espec\u00edfico respiratorio y entrenamiento de la musculatura abdomino-perineal que permite reducir el dolor lumbar tan prevalente durante el embarazo y preparar el organismo para el parto.<\/p>\n<p>Duraci\u00f3n: 3 horas<br \/>\nS\u00f3lo para Trainers LPF.<\/p>\n","protected":false},"featured_media":2031,"template":"","meta":[],"_links":{"self":[{"href":"https:\/\/mx.lowpressurefitness.com\/en\/wp-json\/wp\/v2\/product\/79301\/"}],"collection":[{"href":"https:\/\/mx.lowpressurefitness.com\/en\/wp-json\/wp\/v2\/product\/"}],"about":[{"href":"https:\/\/mx.lowpressurefitness.com\/en\/wp-json\/wp\/v2\/types\/product\/"}],"wp:featuredmedia":[{"embeddable":true,"href":"https:\/\/mx.lowpressurefitness.com\/en\/wp-json\/wp\/v2\/media\/2031\/"}],"wp:attachment":[{"href":"https:\/\/mx.lowpressurefitness.com\/en\/wp-json\/wp\/v2\/media\/?parent=79301"}],"curies":[{"name":"wp","href":"https:\/\/api.w.org\/{rel}","templated":true}]}}