{"id":51,"date":"2019-05-16T17:31:23","date_gmt":"2019-05-16T15:31:23","guid":{"rendered":"https:\/\/lowpressurefitness.com\/?page_id=51"},"modified":"2024-01-09T15:31:31","modified_gmt":"2024-01-09T14:31:31","slug":"uso-marca-logos-lpf","status":"publish","type":"page","link":"https:\/\/mx.lowpressurefitness.com\/es\/uso-marca-logos-lpf\/","title":{"rendered":"Uso marca-logos LPF"},"content":{"rendered":"\r\n\r\n\r\n<p>&nbsp;<\/p>\r\n<p>Las marcas comerciales <strong>de Low Pressure Fitness<\/strong>\u00a0son activos comerciales importantes de la empresa y deben tratarse con el m\u00e1ximo nivel de cuidado. Las personas de todo el mundo, incluy\u00e9ndonos, conf\u00edan en nuestras marcas comerciales para identificar nuestros productos y servicios y para distinguirlos de los de la competencia. Creemos que nuestra pasi\u00f3n por la excelencia es \u00fanica.<\/p>\r\n<p>Si nuestras marcas comerciales se volviesen \u201cgen\u00e9ricas\u201d en un \u00e1rea en particular, dejar\u00edan de identificar a la Empresa como la fuente exclusiva de los productos y servicios en los que aparecen. As\u00ed, cualquiera podr\u00eda utilizar nuestras marcas sin preocuparse por los reclamos de violaci\u00f3n de derechos de marcas registradas, lo que generar\u00eda confusi\u00f3n en el mercado.<\/p>\r\n<p>Te solicitamos encarecidamente que respaldes nuestros esfuerzos para proteger las marcas comerciales de Low Pressure Fitness\u00a0y tomes las medidas necesarias para usarlas de forma adecuada y evitar confusiones y abusos.<\/p>\r\n<p>Si tienes preguntas sobre el uso adecuado, comun\u00edcate con nosotros a <a href=\"mailto:comunicaci\u00f3n@lowpressurefitness.com\">comunicaci\u00f3n@lowpressurefitness.com<\/a>.<\/p>\r\n<ul>\r\n<li>\r\n<h5><strong style=\"font-size: 1.25rem;\">El nombre de Low Pressure Fitness<\/strong><\/h5>\r\n<\/li>\r\n<\/ul>\r\n<p>El nombre <strong>Low Pressure Fitness<\/strong>, las palabras y los logotipos relacionados son marcas comerciales que solo deber\u00e1n utilizarse para indicar la fuente de nuestros programas de entrenamiento y productos relacionados y no para hacer referencia a ning\u00fan otro programa, producto ni servicio.<\/p>\r\n<p><strong>Las marcas comerciales de Low Pressure Fitness<\/strong><\/p>\r\n<p>El uso adecuado de nuestras marcas comerciales sirve para distinguir nuestros\u00a0productos y servicios de los de otras empresas, evita la posibilidad de que los consumidores se confundan y ayuda a prevenir da\u00f1os a nuestras marcas como, por ejemplo, perjuicio, diluci\u00f3n y generalizaci\u00f3n.<\/p>\r\n<ul>\r\n<li>\r\n<h5><strong style=\"font-size: 1.25rem;\"><strong>\u00bfQui\u00e9nes pueden utilizar las marcas comerciales de Low Pressure Fitness?<\/strong><\/strong><\/h5>\r\n<\/li>\r\n<\/ul>\r\n<p>Solo aquellas personas que se hayan formado con nuestra empresa y a las que se les haya emitido un diploma desde Low Pressure Fitness tienen derecho a utilizarlas. Todo el alumnado est\u00e1 obligado legal y contractualmente a seguir las pautas escritas.<\/p>\r\n<p>Le pedimos a todo el alumnado LPFque nos contacten de inmediato si detectan cualquier uso no autorizado o indebido de las marcas Low Pressure Fitness.<\/p>\r\n<p>Puedes enviarnos un correo electr\u00f3nico a <a href=\"mailto:comunicaci\u00f3n@lowpressurefitness.com\">comunicaci\u00f3n@lowpressurefitness.com<\/a><\/p>\r\n<ul>\r\n<li>\r\n<h5><strong style=\"font-size: 1.25rem;\"><strong>Deber\u00e1n respetarse las siguientes reglas:<\/strong><\/strong><\/h5>\r\n<\/li>\r\n<\/ul>\r\n<p>&nbsp;<\/p>\r\n\r\n\r\n\r\n<h5 class=\"wp-block-heading\"><strong id=\"1\">1. Utiliza el logo Low Pressure Fitness:<\/strong><\/h5>\r\n\r\n\r\n\r\n<p><strong>Si eres alumno certi\ufb01cado LPF-CT podr\u00e1s usar el logo creado para ti<\/strong> bajo la normativa que tendr\u00e1s a tu disposici\u00f3n en tu perfil de usuario para su descarga junto con el logo. El logo LPF-CT visibiliza tu CV como profesional formado y acreditado por la empresa.<\/p>\r\n<p style=\"text-align: left;\"><strong>LOGO DE USO EXCLUSIVO PARA LOS\/LAS ALUMOS\/AS CERTIFICADOS:<\/strong><\/p>\r\n\r\n\r\n\r\n<figure class=\"wp-block-image is-resized\"><img loading=\"lazy\" decoding=\"async\" class=\"wp-image-54\" src=\"https:\/\/lowpressurefitness.com\/wp-content\/uploads\/2019\/05\/9b97c6dc8af008bee1ad2b788c2685ae.ertification.jpg\" alt=\"\" width=\"115\" height=\"115\" srcset=\"https:\/\/mx.lowpressurefitness.com\/wp-content\/uploads\/2019\/05\/9b97c6dc8af008bee1ad2b788c2685ae.ertification.jpg 458w, https:\/\/mx.lowpressurefitness.com\/wp-content\/uploads\/2019\/05\/9b97c6dc8af008bee1ad2b788c2685ae.ertification-150x150.jpg 150w, https:\/\/mx.lowpressurefitness.com\/wp-content\/uploads\/2019\/05\/9b97c6dc8af008bee1ad2b788c2685ae.ertification-300x300.jpg 300w, https:\/\/mx.lowpressurefitness.com\/wp-content\/uploads\/2019\/05\/9b97c6dc8af008bee1ad2b788c2685ae.ertification-100x100.jpg 100w\" sizes=\"(max-width: 115px) 100vw, 115px\" \/><\/figure>\r\n\r\n\r\n\r\n<p><strong>Nunca podr\u00e1s utilizar el logo principal<\/strong> ya que este es de uso exclusivo de la empresa, instituto y distribuidores.<\/p>\r\n<p><span style=\"font-size: 1rem;\"><strong>USO EMPRESA LPF Y DISTRIBUIDORES:<\/strong><\/span><\/p>\r\n<p><strong style=\"font-size: 1.25rem;\"><img loading=\"lazy\" decoding=\"async\" class=\"alignnone size-medium wp-image-85379\" src=\"https:\/\/lowpressurefitness.com\/wp-content\/uploads\/2023\/09\/LOGO-LPF-ESPANA-300x76.jpg\" alt=\"\" width=\"300\" height=\"76\" srcset=\"https:\/\/mx.lowpressurefitness.com\/wp-content\/uploads\/2023\/09\/LOGO-LPF-ESPANA-300x76.jpg 300w, https:\/\/mx.lowpressurefitness.com\/wp-content\/uploads\/2023\/09\/LOGO-LPF-ESPANA-768x195.jpg 768w, https:\/\/mx.lowpressurefitness.com\/wp-content\/uploads\/2023\/09\/LOGO-LPF-ESPANA-1024x260.jpg 1024w, https:\/\/mx.lowpressurefitness.com\/wp-content\/uploads\/2023\/09\/LOGO-LPF-ESPANA-600x153.jpg 600w\" sizes=\"(max-width: 300px) 100vw, 300px\" \/><\/strong><\/p>\r\n<p>&nbsp;<\/p>\r\n<h5><strong style=\"font-size: 1.25rem;\">2. Utiliza de manera correcta la marca comercial:<\/strong><\/h5>\r\n<p>La primera letra de cada una de las palabras Low Pressure Fitness <strong>debe ir en may\u00fascula y separadas<\/strong> (es incorrecto usar \u201clowpressure\ufb01tness\u201d). Cuando usemos el nombre en hashtag, solo en ese caso podr\u00e1 ir junto, pero respetando el uso de las may\u00fasculas: #LowPressureFitness.<\/p>\r\n<p>Al hacer referencia a otras formaciones, <strong>es importante mencionar el nombre completo.<\/strong> Seguimos el mismo patr\u00f3n si usamos hashtags: #WallSeries #LowPressureFitness #LPFlovers<\/p>\r\n<p>&nbsp;<\/p>\r\n\r\n\r\n\r\n<h5 class=\"wp-block-heading\"><strong>3. Atiende siempre a la responsabilidad de la marca:<\/strong><\/h5>\r\n<h3><span style=\"font-size: 1rem;\">Low Pressure Fitness y sus logotipos son marcas comerciales de la empresa y se utilizan bajo licencia<\/span>.<\/h3>\r\n\r\n\r\n\r\n<h5 class=\"wp-block-heading\">\u00a0<\/h5>\r\n<h5><strong>4. Jam\u00e1s alteres las marcas comerciales de Low Pressure Fitness:<\/strong><\/h5>\r\n\r\n\r\n\r\n<p>No modifiques ni la tipograf\u00eda, ni los colores, ni el isotipo. No alteres el logo ni agregues guiones o combines \/introduzcas palabras, como por ejemplo: <em>LowPressure Fitness, Lau Pressure Fitness, Low PressureHealth<\/em>\u2026<\/p>\r\n<p>&nbsp;<\/p>\r\n\r\n\r\n\r\n<h5 class=\"wp-block-heading\"><strong>5. Nunca use las marcas de Low Pressure Fitness como nombre comercial o de tu compa\u00f1\u00eda:<\/strong><\/h5>\r\n\r\n\r\n\r\n<p>Es incorrecto usar Low Pressure Fitness como un nombre comercial (por ejemplo, nombre de la compa\u00f1\u00eda o nombre de la instalaci\u00f3n). Denomina a tu empresa con otras palabras y di que ofreces el programa de entrenamiento o clases de Low Pressure Fitness.<\/p>\r\n\r\n\r\n\r\n<p>Este uso incorrecto se contempla tanto para nombrar a empresas, abrir p\u00e1ginas web y\/o cuentas en redes sociales (p\u00e1ginas\/perfiles de Facebook, usuarios en Instagram\/Twitter, etc).<\/p>\r\n<p>Un alumno nunca podr\u00e1 usar de nombre Low Pressure Fitness en redes, sea cual sea. Podr\u00e1 usar las siglas LPF o LPF-CTpero solo en p\u00e1ginas y siempre acompa\u00f1ando nombres personales o de cl\u00ednicas, nunca de ciudades, pa\u00edses o territorios geogr\u00e1ficos.<\/p>\r\n<p>As\u00ed, por ejemplo, no puedes crear p\u00e1ginas como:<\/p>\r\n<ul>\r\n<li><em>Low Pressure Fitness Galicia, o LPF Galicia (o al rev\u00e9s)<\/em><\/li>\r\n<li><em style=\"font-size: 1rem;\">pero si podr\u00e1s crear Mar\u00eda L\u00f3pez LPF, Jes\u00fas G\u00f3mez LPF-CT<\/em><\/li>\r\n<\/ul>\r\n<p>&nbsp;<\/p>\r\n\r\n\r\n\r\n<h5 class=\"wp-block-heading\"><strong>6. Nunca uses las marcas de Low Pressure Fitness seguidas o al lado de:<\/strong><\/h5>\r\n\r\n\r\n\r\n<p>Nunca uses palabras como hipopresivos, GAH, gimnasia abdominal, gimnasia abdominal hipopresiva\u2026 acompa\u00f1ando a cualquier logo de la marca o nombrando el sistema de entrenamiento Low Pressure Fitness.<\/p>\r\n<p>Ya sabes que LPF es mucho m\u00e1s que eso, <strong>es un sistema en entrenamiento completo que introduce en un mismo ejercicio t\u00e9cnicas posturales, respiratorias, hipopresivas, miofasciales y neurodin\u00e1micas.<\/strong> Define el entrenamiento, no des sin\u00f3nimos incorrectos<\/p>\r\n<p>&nbsp;<\/p>\r\n\r\n\r\n\r\n<h5 class=\"wp-block-heading\"><strong>7. No utilices las marcas de Low Pressure Fitness en productos:<\/strong><\/h5>\r\n\r\n\r\n\r\n<p>\u00danicamente la empresa, sus socios y distribuidores autorizados pueden utilizar las marcas comerciales de Low Pressure Fitness en productos tales como indumentaria, accesorios y otros productos de entrenamiento. Por eso, nunca utilices las marcas comerciales de LPF en productos f\u00edsicos (por ejemplo, no hagas camisetas y les coloques el logo Low Pressure Fitness).<\/p>\r\n<p>&nbsp;<\/p>\r\n\r\n\r\n\r\n<h5 class=\"wp-block-heading\"><strong>8. Uso de los logotipos de Low Pressure Fitness:<\/strong><\/h5>\r\n\r\n\r\n\r\n<p>Los logotipos de Low Pressure Fitness\u00a0han sido dise\u00f1ados para designar productos y servicios desarrollados por nuestra empresa. El alumnado LPF puede utilizarlos sin modificaciones y \u00fanicamente con la finalidad de promocionar o publicar nuestros programas para comunicar sus servicios.<\/p>\r\n<p>A menos que cuentes con nuestra aprobaci\u00f3n escrita de antemano, no podr\u00e1s utilizar los logotipos de Low Pressure Fitness en conexi\u00f3n con la fabricaci\u00f3n, promoci\u00f3n, oferta de venta o venta de productos y\/o formaciones.<\/p>\r\n<p>Los logotipos de Low Pressure Fitness\u00a0no pueden alterarse ni modificarse de ninguna manera ni pueden combinarse con ning\u00fan otro nombre comercial, marca comercial ni logotipo sin nuestro permiso expreso otorgado por escrito.<\/p>\r\n\r\n\r\n\r\n<h5 class=\"wp-block-heading\"><strong>RESUMEN:<\/strong><\/h5>\r\n\r\n\r\n\r\n<ul>\r\n<li>La letra \u00abL, P y F\u00bb nunca debe ir en min\u00fascula. Ej.: lowpressurefitness<\/li>\r\n<li>No alterar ni modificar. Ej.: Lau Pressure Fitness<\/li>\r\n<li>No utilizar como nombre comercial. Ej.: Estudio LPF<\/li>\r\n<li>No deben colocarse en productos. No hagas camisetas con la inscripci\u00f3n Low Pressure Fitness.<\/li>\r\n<li>No utilizar para promocionar programas ni productos que no est\u00e9n relacionados con Low Pressure Fitness.<\/li>\r\n<li>No debes usar palabras como GAH, hipopresivos, etc. para hablar de Low Pressure Fitness.<\/li>\r\n<li>\u00danicamente los alumnos certi\ufb01cados podr\u00e1n utilizar el logo LPF-CT.<\/li>\r\n<li>En ning\u00fan caso est\u00e1 permitido el uso del logo general de la marca<\/li>\r\n<\/ul>\r\n\r\n\r\n\r\n<h5 class=\"wp-block-heading\">\u00a0<\/h5>\r\n\r\n\r\n\r\n\r\n\r\n<h5 class=\"wp-block-heading\"><strong>C\u00f3mo indicar el nivel de formaci\u00f3n Low Pressure Fitness<\/strong><\/h5>\r\n\r\n\r\n\r\n<p>La formaci\u00f3n Low Pressure Fitness la dividimos en tres niveles para garantizar que se interioriza todos los contenidos te\u00f3rico-pr\u00e1cticos y para avanzar en una progresi\u00f3n l\u00f3gica las posturas LPF.<\/p>\r\n<p>Al acabar la formaci\u00f3n y para ser profesional certificado LPF-CT es necesario realizar una prueba online. Mientras no se supera la prueba, la designaci\u00f3n que tienes que hacer en tus redes sociales o curr\u00edculum v\u00edtae es la de: Alumno <strong>Low Pressure Fitness nivel 1<\/strong>,<strong> 2 <\/strong>o<strong> 3<\/strong>.<\/p>\r\n<p>En el momento en el que te certifiques ser\u00e1s <strong>Low Pressure Fitness certifiedtrainer<\/strong> o <strong>LPF-CT.<\/strong><\/p>\r\n<p>Es importante matizar qu\u00e9 nivel de conocimiento tienes en el sistema de entrenamiento para no enga\u00f1ar a clientes\/pacientes en la pr\u00e1ctica de la t\u00e9cnica ya que, un alumno nivel 1 carece de toda la formaci\u00f3n en neurodinamia y movilizaci\u00f3n fascial que se aprende en el nivel 3, adem\u00e1s de solo conocer las posturas b\u00e1sicas LPF.<\/p>\r\n<p>&nbsp;<\/p>\r\n\r\n\r\n\r\n<h5 class=\"wp-block-heading\"><strong>Low Pressure Fitness o LPF.<\/strong><\/h5>\r\n\r\n\r\n\r\n<p>El sistema de entrenamiento desarrollado por la empresa y en el que formamos a nuestro alumnado se llama<strong> Low Pressure Fitness<\/strong>. A veces se usa <strong>LPF<\/strong> para acortar el uso de Low Pressure Fitness pero esto no implica que se pueda usar indistintamente.<\/p>\r\n\r\n\r\n\r\n<p>Cuando nos referimos al sistema de entrenamiento, programamos un evento, una conferencia o aplicamos el nombre del m\u00e9todo, siempre usaremos Low Pressure Fitness. El uso de LPF queda para un uso secundario cuando ya hayamos usado Low Pressure Fitness y evitar as\u00ed repeticiones, o para usar como adjetivo, como por ejemplo: alumnado LPF, formaciones LPF, profesionales LPF-CT&#8230;<\/p>\r\n\r\n\r\n\r\n<h5 class=\"wp-block-heading\">\u00a0<\/h5>\r\n\r\n\r\n\r\n<h5 class=\"wp-block-heading\"><strong>Uso de logos en redes sociales personales.<\/strong><\/h5>\r\n\r\n\r\n\r\n<p><strong>No est\u00e1 permitido usar los logos LPF<\/strong> en fotos de portadas de redes sociales o como imagen principal de p\u00e1ginas o perfiles, ese uso es exclusivo de las p\u00e1ginas que pertenecen al IHPTI.<\/p>\r\n<p><strong>Si eres alumno\/a certificado podr\u00e1s usar tu logo LPF-CT<\/strong> como foto principal o imagen de portada de p\u00e1gina o perfil personal siempre que este sea parte de una composici\u00f3n.<\/p>\r\n<p>El no cumplimiento de esta gu\u00eda o de alg\u00fan punto de uso de la marca comercial Low Pressure Fitness conllevar\u00e1 una penalizaci\u00f3n por parte de la empresa. Los derechos explotaci\u00f3n y propiedad\u00a0 de las marcas comerciales pertenecen a la empresa y esta velar\u00e1 por el buen uso de la misma.<\/p>\r\n<p>Si tienes preguntas o dudas espec\u00edficas con el uso de la marca y los logos Low Pressure Fitness, solicita informaci\u00f3n a: <a href=\"mailto:comunicacion@lowpressurefitness.com\"><strong>comunicacion@lowpressurefitness.com<\/strong><\/a><strong>.<\/strong><\/p>\r\n<p>&nbsp;<\/p>\r\n","protected":false},"excerpt":{"rendered":"<p>&nbsp; Las marcas comerciales de Low Pressure Fitness\u00a0son activos comerciales importantes de la empresa y deben tratarse con el m\u00e1ximo nivel de cuidado. Las personas de todo el mundo, incluy\u00e9ndonos, conf\u00edan en nuestras marcas comerciales para identificar nuestros productos y servicios y para distinguirlos de los de la competencia. Creemos que nuestra pasi\u00f3n por la &hellip; <a href=\"https:\/\/mx.lowpressurefitness.com\/es\/uso-marca-logos-lpf\/\">Continued<\/a><\/p>\n","protected":false},"author":1,"featured_media":0,"parent":0,"menu_order":0,"comment_status":"closed","ping_status":"closed","template":"","meta":{"footnotes":""},"_links":{"self":[{"href":"https:\/\/mx.lowpressurefitness.com\/es\/wp-json\/wp\/v2\/pages\/51\/"}],"collection":[{"href":"https:\/\/mx.lowpressurefitness.com\/es\/wp-json\/wp\/v2\/pages\/"}],"about":[{"href":"https:\/\/mx.lowpressurefitness.com\/es\/wp-json\/wp\/v2\/types\/page\/"}],"author":[{"embeddable":true,"href":"https:\/\/mx.lowpressurefitness.com\/es\/wp-json\/wp\/v2\/users\/1\/"}],"replies":[{"embeddable":true,"href":"https:\/\/mx.lowpressurefitness.com\/es\/wp-json\/wp\/v2\/comments\/?post=51"}],"version-history":[{"count":7,"href":"https:\/\/mx.lowpressurefitness.com\/es\/wp-json\/wp\/v2\/pages\/51\/revisions\/"}],"predecessor-version":[{"id":87884,"href":"https:\/\/mx.lowpressurefitness.com\/es\/wp-json\/wp\/v2\/pages\/51\/revisions\/87884\/"}],"wp:attachment":[{"href":"https:\/\/mx.lowpressurefitness.com\/es\/wp-json\/wp\/v2\/media\/?parent=51"}],"curies":[{"name":"wp","href":"https:\/\/api.w.org\/{rel}","templated":true}]}}