{"id":101697,"date":"2026-04-26T19:17:44","date_gmt":"2026-04-26T17:17:44","guid":{"rendered":"https:\/\/lowpressurefitness.com\/?post_type=product&#038;p=101697"},"modified":"2026-04-28T06:17:05","modified_gmt":"2026-04-28T04:17:05","slug":"workshop-de-iniciacion-lpf","status":"publish","type":"product","link":"https:\/\/mx.lowpressurefitness.com\/es\/producto\/workshop-de-iniciacion-lpf\/","title":{"rendered":"Workshop de Iniciaci\u00f3n LPF"},"content":{"rendered":"<p>Sesi\u00f3n te\u00f3rico-pr\u00e1ctica de 2 horas de duraci\u00f3n donde podr\u00e1s conocer y practicar hipopresivos Low Pressure Fitness. Edici\u00f3n especial de iniciaci\u00f3n al Sistema de Entrenamiento LPF.<br \/>\nEn el desplegable de convocatorias podr\u00e1n ver las fechas disponibles para los WorkShop de Iniciaci\u00f3n a LPF.<br \/>\nAbiertos a todos los p\u00fablicos.<\/p>\n","protected":false},"excerpt":{"rendered":"<p>WORKSHOP TE\u00d3RICO PR\u00c1CTICO,  EDICI\u00d3N ESPECIAL DE INICIACI\u00d3N AL SISTEMA DE ENTRENAMIENTO LPF. M\u00c1S QUE HIPOPRESIVOS, LOW PRESSURE FITNESS.<\/p>\n<p>\u2022\u00bfQu\u00e9 es LPF?<br \/>\nLow Pressure Fitness es un innovador sistema de entrenamiento que consiste en ejercicios posturales y respiratorios. Est\u00e1 basado en la t\u00e9cnica hipopresiva, depresiva, el stretching miofascial, la neurodinamia, la escuela de espalda y la reeducaci\u00f3n respiratoria junto con la metodolog\u00eda y did\u00e1ctica m\u00e1s avanzada en ciencias del ejercicio f\u00edsico, la neuroeducaci\u00f3n.<\/p>\n<p>\u2022 Beneficios de LPF<br \/>\nLPF es un sistema de entrenamiento \u00f3ptimo para cualquier persona, desde ni\u00f1os y adolescentes para asegurar un buen crecimiento y mejoras posturales, deportistas para mejorar su rendimiento, personas de todas las edades para solucionar o disminuir problemas de espalda, respiratorios, circulatorios, somato-emocionales\u2026  Entre los resultados esperados globales con la aplicaci\u00f3n del sistema de entrenamiento LPF obtenemos reeducaci\u00f3n postural, mejora del tono muscular, disminuci\u00f3n del per\u00edmetro de la cintura, recuperaci\u00f3n del suelo p\u00e9lvico, mejoras respiratorias, mejoras de la funci\u00f3n sexual, mejoras en el descanso, el sue\u00f1o y el sistema emocional.<\/p>\n<p>Duraci\u00f3n: 2 horas<\/p>\n","protected":false},"featured_media":2031,"template":"","meta":[],"_links":{"self":[{"href":"https:\/\/mx.lowpressurefitness.com\/es\/wp-json\/wp\/v2\/product\/101697\/"}],"collection":[{"href":"https:\/\/mx.lowpressurefitness.com\/es\/wp-json\/wp\/v2\/product\/"}],"about":[{"href":"https:\/\/mx.lowpressurefitness.com\/es\/wp-json\/wp\/v2\/types\/product\/"}],"wp:featuredmedia":[{"embeddable":true,"href":"https:\/\/mx.lowpressurefitness.com\/es\/wp-json\/wp\/v2\/media\/2031\/"}],"wp:attachment":[{"href":"https:\/\/mx.lowpressurefitness.com\/es\/wp-json\/wp\/v2\/media\/?parent=101697"}],"curies":[{"name":"wp","href":"https:\/\/api.w.org\/{rel}","templated":true}]}}