{"id":49753,"date":"2020-04-29T07:11:40","date_gmt":"2020-04-29T05:11:40","guid":{"rendered":"https:\/\/localhost\/product\/modulo-2-lpf-en-directo-2\/"},"modified":"2026-04-18T09:42:01","modified_gmt":"2026-04-18T07:42:01","slug":"modulo-2-lpf-en-directo-2","status":"publish","type":"product","link":"https:\/\/mx.lowpressurefitness.com\/es\/producto\/modulo-2-lpf-en-directo-2\/","title":{"rendered":"M\u00f3dulo 2 LPF EN DIRECTO"},"content":{"rendered":"<p>Formaci\u00f3n totalmente pr\u00e1ctica, donde se completa la valoraci\u00f3n inicial del cliente\/paciente, se profundiza en el aprendizaje de ejercicios hipopresivos de nivel intermedio y las progresiones necesarias para pasar de un nivel t\u00e9cnico al otro<\/p>\n<p>\u2605Objetivos:<br \/>\n-Conocer la anatomia y fisiopatolog\u00eda respiratoria<br \/>\n-Organizar sesiones de entrenamiento<br \/>\n-Conocer los criterios de dise\u00f1o de sesiones LPF<br \/>\n-Realizar valoraciones iniciales  con cuestionarios y anamnesis<br \/>\n-Desarrollar sesiones de entrenamiento LPF de nivel intermedio<\/p>\n","protected":false},"excerpt":{"rendered":"<p> M\u00f3dulo 2. Serie Din\u00e1mica<\/p>\n<p> En directo  a trav\u00e9s de la plataforma Zoom <\/p>\n<p>Nivel formativo que sigue al nivel 1, para profundizar en el aprendizaje pr\u00e1ctico hipopresivo, nuevos ejercicios m\u00e1s din\u00e1micos, mayor variedad y progresiones para complementar a tus sesiones de entrenamiento personal y de grupos. <\/p>\n<p>Si ya eres LPF Trainer solicita tu cup\u00f3n descuento en lpfinfo@lowpressurefitness.com.mx<\/p>\n<p>La inscripci\u00f3n se cerrar\u00e1 el d\u00eda anterior al inicio de la formaci\u00f3n a las 20:00h (CDMx)<\/p>\n","protected":false},"featured_media":2031,"template":"","meta":[],"_links":{"self":[{"href":"https:\/\/mx.lowpressurefitness.com\/es\/wp-json\/wp\/v2\/product\/49753\/"}],"collection":[{"href":"https:\/\/mx.lowpressurefitness.com\/es\/wp-json\/wp\/v2\/product\/"}],"about":[{"href":"https:\/\/mx.lowpressurefitness.com\/es\/wp-json\/wp\/v2\/types\/product\/"}],"wp:featuredmedia":[{"embeddable":true,"href":"https:\/\/mx.lowpressurefitness.com\/es\/wp-json\/wp\/v2\/media\/2031\/"}],"wp:attachment":[{"href":"https:\/\/mx.lowpressurefitness.com\/es\/wp-json\/wp\/v2\/media\/?parent=49753"}],"curies":[{"name":"wp","href":"https:\/\/api.w.org\/{rel}","templated":true}]}}