{"id":49755,"date":"2020-04-29T07:11:47","date_gmt":"2020-04-29T05:11:47","guid":{"rendered":"https:\/\/localhost\/product\/modulo-3-lpf-en-directo-2\/"},"modified":"2026-01-23T05:16:10","modified_gmt":"2026-01-23T04:16:10","slug":"modulo-3-lpf-en-directo-2","status":"publish","type":"product","link":"https:\/\/mx.lowpressurefitness.com\/es\/producto\/modulo-3-lpf-en-directo-2\/","title":{"rendered":"M\u00f3dulo 3 LPF EN DIRECTO"},"content":{"rendered":"<p>\u2605Objetivos:<br \/>\n-Conocer la biomec\u00e1nica pelviperieneal y respiratoria<br \/>\n-Aprender t\u00e9cnicas miofasciales y neurodin\u00e1micas<br \/>\n-Conocer las adaptaciones metodol\u00f3gicas y progresiones de los ejercicios LPF<br \/>\n-Aplicar t\u00e9cnicas de comunicaci\u00f3n y ense\u00f1anza<br \/>\n-Desarrollar sesiones de entrenamiento LPF de nivel avanzado<\/p>\n","protected":false},"excerpt":{"rendered":"<p> M\u00f3dulo 3. Serie Neurodin\u00e1mica<\/p>\n<p> En directo  a trav\u00e9s de la plataforma Zoom <\/p>\n<p>Convi\u00e9rtete en un especialista de t\u00e9cnicas hipopresivas y completa el \u00faltimo nivel de formaci\u00f3n base. <\/p>\n<p>Si ya eres LPF Trainer solicita tu cup\u00f3n descuento en lpfinfo@lowpressurefitness.com.mx<\/p>\n<p>La inscripci\u00f3n se cerrar\u00e1 el d\u00eda anterior al inicio de la formaci\u00f3n a las 20:00h (CDMx)<\/p>\n","protected":false},"featured_media":2031,"template":"","meta":[],"_links":{"self":[{"href":"https:\/\/mx.lowpressurefitness.com\/es\/wp-json\/wp\/v2\/product\/49755\/"}],"collection":[{"href":"https:\/\/mx.lowpressurefitness.com\/es\/wp-json\/wp\/v2\/product\/"}],"about":[{"href":"https:\/\/mx.lowpressurefitness.com\/es\/wp-json\/wp\/v2\/types\/product\/"}],"wp:featuredmedia":[{"embeddable":true,"href":"https:\/\/mx.lowpressurefitness.com\/es\/wp-json\/wp\/v2\/media\/2031\/"}],"wp:attachment":[{"href":"https:\/\/mx.lowpressurefitness.com\/es\/wp-json\/wp\/v2\/media\/?parent=49755"}],"curies":[{"name":"wp","href":"https:\/\/api.w.org\/{rel}","templated":true}]}}