{"id":51703,"date":"2020-07-16T06:12:17","date_gmt":"2020-07-16T04:12:17","guid":{"rendered":"https:\/\/localhost\/product\/workshop-por-videoconferencia-lpf\/"},"modified":"2026-04-18T09:43:38","modified_gmt":"2026-04-18T07:43:38","slug":"workshop-por-videoconferencia-lpf","status":"publish","type":"product","link":"https:\/\/mx.lowpressurefitness.com\/es\/producto\/workshop-por-videoconferencia-lpf\/","title":{"rendered":"Workshop: LPF y Postparto."},"content":{"rendered":"<p>Sesi\u00f3n te\u00f3rico-pr\u00e1ctica de 2 horas de duraci\u00f3n donde podr\u00e1s conocer y practicar hipopresivos Low Pressure Fitness. Edici\u00f3n especial de aplicaci\u00f3n para postparto.<br \/>\nEn el desplegable de convocatorias podr\u00e1n ver las fechas disponibles para los WorkShop de Postparto. Son tem\u00e1ticos y se profundiza en esta tem\u00e1tica y sus caracter\u00edsticas diferenciadas.<br \/>\nAbiertos a todos los p\u00fablicos.<\/p>\n","protected":false},"excerpt":{"rendered":"<p>WORKSHOPS TE\u00d3RICO PR\u00c1CTICOS,  EDICI\u00d3N ESPECIAL SOBRE LPF Y POSTPARTO. M\u00c1S QUE HIPOPRESIVOS, LOW PRESSURE FITNESS.<\/p>\n<p>\u2022\u00bfQu\u00e9 es LPF?<br \/>\nLow Pressure Fitness es un innovador sistema de entrenamiento que consiste en ejercicios posturales y respiratorios. Est\u00e1 basado en la t\u00e9cnica hipopresiva, depresiva, el stretching miofascial, la neurodinamia, la escuela de espalda y la reeducaci\u00f3n respiratoria junto con la metodolog\u00eda y did\u00e1ctica m\u00e1s avanzada en ciencias del ejercicio f\u00edsico, la neuroeducaci\u00f3n.<\/p>\n<p>\u2022 Beneficios de LPF en el postparto<br \/>\nSi bien es de mucho inter\u00e9s en la recuperaci\u00f3n postparto, es un sistema de entrenamiento \u00f3ptimo para cualquier persona, desde ni\u00f1os y adolescentes para asegurar un buen crecimiento y mejoras posturales, deportistas para mejorar su rendimiento, personas de todas las edades para solucionar o disminuir problemas de espalda, espiratorios, circulatorios, somato-emocionales\u2026  La Asociaci\u00f3n Espa\u00f1ola de Fisioterapia indica que a partir de la sexta semana se puede comenzar la gimnasia postparto y que  los ejercicios abdominales que se realizar\u00e1n ser\u00e1n siempre del tipo hipopresivo como los que hacemos en Low Pressure Fitness.<\/p>\n<p>Duraci\u00f3n: 2 horas<\/p>\n","protected":false},"featured_media":2031,"template":"","meta":[],"_links":{"self":[{"href":"https:\/\/mx.lowpressurefitness.com\/es\/wp-json\/wp\/v2\/product\/51703\/"}],"collection":[{"href":"https:\/\/mx.lowpressurefitness.com\/es\/wp-json\/wp\/v2\/product\/"}],"about":[{"href":"https:\/\/mx.lowpressurefitness.com\/es\/wp-json\/wp\/v2\/types\/product\/"}],"wp:featuredmedia":[{"embeddable":true,"href":"https:\/\/mx.lowpressurefitness.com\/es\/wp-json\/wp\/v2\/media\/2031\/"}],"wp:attachment":[{"href":"https:\/\/mx.lowpressurefitness.com\/es\/wp-json\/wp\/v2\/media\/?parent=51703"}],"curies":[{"name":"wp","href":"https:\/\/api.w.org\/{rel}","templated":true}]}}