{"id":71912,"date":"2022-02-17T12:43:47","date_gmt":"2022-02-17T11:43:47","guid":{"rendered":"https:\/\/lowpressurefitness.com\/producto\/practicum-m3\/"},"modified":"2026-04-18T09:41:54","modified_gmt":"2026-04-18T07:41:54","slug":"practicum-m3","status":"publish","type":"product","link":"https:\/\/mx.lowpressurefitness.com\/es\/producto\/practicum-m3\/","title":{"rendered":"Practicum M3"},"content":{"rendered":"<p>S\u00f3lo para alumnado LPF.<br \/>\nEs imprescindible contar previamente con la capacitaci\u00f3n en el M\u00f3dulo a trabajar en perfeccionamiento pr\u00e1ctico.<br \/>\nSesi\u00f3n pr\u00e1ctica de 2 horas lectivas.<br \/>\nIncluye MasterClass y TIP\u00b4s para mejorar la ejecuci\u00f3n de cada secuencia LPF.<\/p>\n","protected":false},"excerpt":{"rendered":"<p>Sesi\u00f3n guiada de los ejercicios completos del M\u00f3dulo 3 LPF.<br \/>\nTotalmente pr\u00e1ctica, en directo y en l\u00ednea, a trav\u00e9s de la plataforma Zoom.<br \/>\nIncluye MasterClass de M\u00f3dulo 3.<br \/>\nLos Trainers LPF que se dedican a la docencia de nuestra t\u00e9cnica con cliente final, deben tener un dominio total de la ejecuci\u00f3n pr\u00e1ctica de todos los ejercicios. Una gran parte de la ense\u00f1anza se basa en el modelaje, donde el Trainer LPF ser\u00e1 siempre el referente sobre c\u00f3mo se debe ejecutar correctamente un ejercicio y c\u00f3mo se deben realizar las transiciones en una secuencia completa, sin perder ninguna de las pautas posturales y respiratorias que fundamentan la t\u00e9cnica.<br \/>\nEs frecuente que, tras las capacitaciones, los Trainers inicien sus propios entrenamientos centr\u00e1ndose m\u00e1s en una secuencia de ejercicios que en otra, o en determinados ejercicios concretos. El objetivo de esta formaci\u00f3n es repasar todas las secuencias LPF de cara a perfeccionar su ejecuci\u00f3n.<br \/>\nLas Coach que gu\u00edan cada sesi\u00f3n realizar\u00e1n correcciones en la ejecuci\u00f3n de cada Traines y, adem\u00e1s, facilitar\u00e1n algunos TIP\u00b4s que les apoyen a la hora de alcanzar una mayor perfecci\u00f3n en sus entrenamientos.<\/p>\n","protected":false},"featured_media":2031,"template":"","meta":[],"_links":{"self":[{"href":"https:\/\/mx.lowpressurefitness.com\/es\/wp-json\/wp\/v2\/product\/71912\/"}],"collection":[{"href":"https:\/\/mx.lowpressurefitness.com\/es\/wp-json\/wp\/v2\/product\/"}],"about":[{"href":"https:\/\/mx.lowpressurefitness.com\/es\/wp-json\/wp\/v2\/types\/product\/"}],"wp:featuredmedia":[{"embeddable":true,"href":"https:\/\/mx.lowpressurefitness.com\/es\/wp-json\/wp\/v2\/media\/2031\/"}],"wp:attachment":[{"href":"https:\/\/mx.lowpressurefitness.com\/es\/wp-json\/wp\/v2\/media\/?parent=71912"}],"curies":[{"name":"wp","href":"https:\/\/api.w.org\/{rel}","templated":true}]}}