{"id":79303,"date":"2023-01-27T11:04:40","date_gmt":"2023-01-27T10:04:40","guid":{"rendered":"https:\/\/localhost\/producto\/lpf-abdominal-wall\/"},"modified":"2026-04-18T09:43:54","modified_gmt":"2026-04-18T07:43:54","slug":"lpf-abdominal-wall","status":"publish","type":"product","link":"https:\/\/mx.lowpressurefitness.com\/es\/producto\/lpf-abdominal-wall\/","title":{"rendered":"LPF ABDOMINAL WALL"},"content":{"rendered":"","protected":false},"excerpt":{"rendered":"<p>CURSO DE ESPECIALIZACI\u00d3N LPF ABDOMINAL WALL <\/p>\n<p>\u2022El objetivo de este seminario es el de dotar al profesional de LPF de los \u00faltimos conocimientos y avances cient\u00edficos en relaci\u00f3n a la prescripci\u00f3n y programaci\u00f3n de ejercicio para la pared abdominal en casos que presentan separaci\u00f3n disfuncional del recto abdominal conocida como di\u00e1stasis, as\u00ed como dotar de adecuadas herramientas para identificar, evaluar y prescribir ejercicios para la pared abdominal en casos de di\u00e1stasis abdominal.<\/p>\n<p>\u2022Carga lectiva: (15 horas)<br \/>\n* Acceso exclusivo para trainers de LPF ya Certificados<\/p>\n","protected":false},"featured_media":2031,"template":"","meta":[],"_links":{"self":[{"href":"https:\/\/mx.lowpressurefitness.com\/es\/wp-json\/wp\/v2\/product\/79303\/"}],"collection":[{"href":"https:\/\/mx.lowpressurefitness.com\/es\/wp-json\/wp\/v2\/product\/"}],"about":[{"href":"https:\/\/mx.lowpressurefitness.com\/es\/wp-json\/wp\/v2\/types\/product\/"}],"wp:featuredmedia":[{"embeddable":true,"href":"https:\/\/mx.lowpressurefitness.com\/es\/wp-json\/wp\/v2\/media\/2031\/"}],"wp:attachment":[{"href":"https:\/\/mx.lowpressurefitness.com\/es\/wp-json\/wp\/v2\/media\/?parent=79303"}],"curies":[{"name":"wp","href":"https:\/\/api.w.org\/{rel}","templated":true}]}}