{"id":79305,"date":"2023-01-27T11:04:44","date_gmt":"2023-01-27T10:04:44","guid":{"rendered":"https:\/\/localhost\/producto\/wall-series-i-mx\/"},"modified":"2026-04-18T09:43:41","modified_gmt":"2026-04-18T07:43:41","slug":"wall-series-i-mx","status":"publish","type":"product","link":"https:\/\/mx.lowpressurefitness.com\/es\/producto\/wall-series-i-mx\/","title":{"rendered":"Wall Series I MX"},"content":{"rendered":"","protected":false},"excerpt":{"rendered":"<p> La Wall Series explora las numerosas posibilidades y versatilidad de la pared como complemento de entrenamiento para profundizar en el aprendizaje de la t\u00e9cnica de LPF. <\/p>\n<p> La pared posee unas caracter\u00edsticas vinculadas con la seguridad: l\u00edmites, tacto, equilibrio, propiocepci\u00f3n, estabilidad y resistencia, muy necesarias y \u00fatiles en el entrenamiento con determinadas poblaciones tanto en la fase de ense\u00f1anza de iniciaci\u00f3n como en la fase avanzada de aprendizaje de la t\u00e9cnica LPF. <\/p>\n<p> En Wall Series M\u00f3dulo I se presentan los fundamentos de trabajo LPF en pared y la serie de Dioses est\u00e1ticos y sus variantes.<\/p>\n<p>\u2022 Duraci\u00f3n: 15 horas.<br \/>\n\u2022 Requisitos: irigido a alumnos certificados (LPF-CT)<\/p>\n","protected":false},"featured_media":2031,"template":"","meta":[],"_links":{"self":[{"href":"https:\/\/mx.lowpressurefitness.com\/es\/wp-json\/wp\/v2\/product\/79305\/"}],"collection":[{"href":"https:\/\/mx.lowpressurefitness.com\/es\/wp-json\/wp\/v2\/product\/"}],"about":[{"href":"https:\/\/mx.lowpressurefitness.com\/es\/wp-json\/wp\/v2\/types\/product\/"}],"wp:featuredmedia":[{"embeddable":true,"href":"https:\/\/mx.lowpressurefitness.com\/es\/wp-json\/wp\/v2\/media\/2031\/"}],"wp:attachment":[{"href":"https:\/\/mx.lowpressurefitness.com\/es\/wp-json\/wp\/v2\/media\/?parent=79305"}],"curies":[{"name":"wp","href":"https:\/\/api.w.org\/{rel}","templated":true}]}}