{"id":88616,"date":"2024-02-15T08:19:58","date_gmt":"2024-02-15T07:19:58","guid":{"rendered":"https:\/\/lowpressurefitness.com\/producto\/sesiones-lpf\/"},"modified":"2026-04-18T09:43:17","modified_gmt":"2026-04-18T07:43:17","slug":"sesiones-lpf","status":"publish","type":"product","link":"https:\/\/mx.lowpressurefitness.com\/es\/producto\/sesiones-lpf\/","title":{"rendered":"Sesiones LPF"},"content":{"rendered":"<p>3 horas lectivas pr\u00e1cticas.<br \/>\nLa sesi\u00f3n se llevar\u00e1 a cabo por Zoom y en directo.<br \/>\nSe entregar\u00e1 v\u00eddeo con Master Class a todos los participantes.<\/p>\n","protected":false},"excerpt":{"rendered":"<p>Sesiones LPF MX.<br \/>\nSe mostrar\u00e1 una secuencia de ejercicios recomendada para la sesi\u00f3n espec\u00edfica en cada caso (Dolor Lumbar \/para ciclistas \/ para s\u00edndrome de oficina \/ para realizar apnea con apertura costal).<br \/>\nPara todos los p\u00fablicos.<br \/>\nTotalmente pr\u00e1ctico.<\/p>\n","protected":false},"featured_media":2031,"template":"","meta":[],"_links":{"self":[{"href":"https:\/\/mx.lowpressurefitness.com\/es\/wp-json\/wp\/v2\/product\/88616\/"}],"collection":[{"href":"https:\/\/mx.lowpressurefitness.com\/es\/wp-json\/wp\/v2\/product\/"}],"about":[{"href":"https:\/\/mx.lowpressurefitness.com\/es\/wp-json\/wp\/v2\/types\/product\/"}],"wp:featuredmedia":[{"embeddable":true,"href":"https:\/\/mx.lowpressurefitness.com\/es\/wp-json\/wp\/v2\/media\/2031\/"}],"wp:attachment":[{"href":"https:\/\/mx.lowpressurefitness.com\/es\/wp-json\/wp\/v2\/media\/?parent=88616"}],"curies":[{"name":"wp","href":"https:\/\/api.w.org\/{rel}","templated":true}]}}